{"id":289,"date":"2019-04-08T09:34:10","date_gmt":"2019-04-08T07:34:10","guid":{"rendered":"https:\/\/products.iosystems.fr\/?page_id=289"},"modified":"2019-04-08T15:26:02","modified_gmt":"2019-04-08T13:26:02","slug":"presentation-generale","status":"publish","type":"page","link":"https:\/\/products.iosystems.fr\/","title":{"rendered":"Pr\u00e9sentation g\u00e9n\u00e9rale"},"content":{"rendered":"\n<h2 class=\"wp-block-heading\">Qu&rsquo;est-ce que l&rsquo;industrie du futur ?<\/h2>\n\n\n\n<div class=\"wp-block-image\"><figure class=\"alignleft is-resized\"><img loading=\"lazy\" decoding=\"async\" src=\"https:\/\/products.iosystems.fr\/wp-content\/uploads\/2019\/03\/industrie-4.0.png\" alt=\"\" class=\"wp-image-290\" width=\"107\" height=\"101\" srcset=\"https:\/\/products.iosystems.fr\/wp-content\/uploads\/2019\/03\/industrie-4.0.png 724w, https:\/\/products.iosystems.fr\/wp-content\/uploads\/2019\/03\/industrie-4.0-300x285.png 300w, https:\/\/products.iosystems.fr\/wp-content\/uploads\/2019\/03\/industrie-4.0-422x400.png 422w\" sizes=\"(max-width: 107px) 100vw, 107px\" \/><\/figure><\/div>\n\n\n\n<p>C&rsquo;est la quatri\u00e8me r\u00e9volution industrielle : <strong>l&rsquo;industrie 4.0<\/strong>.<\/p>\n\n\n\n<p>La r\u00e9volution num\u00e9rique transforme tout : nos loisirs, notre mobilit\u00e9 et dans le sujet qui nous int\u00e9resse, nos capacit\u00e9s \u00e0 fabriquer des biens et d\u00e9livrer des services autour de ces produits.<\/p>\n\n\n\n<p>L&rsquo;Industrie 4.0 peut \u00eatre r\u00e9sum\u00e9 comme l\u2019application des technologies num\u00e9riques au monde de la fabrication. <\/p>\n\n\n\n<p>Il regroupe toutes les solutions amenant \u00e0 avoir la bonne information, au bon endroit et au bon moment. <\/p>\n\n\n\n<p>L\u2019objectif est de lier des syst\u00e8mes disparates et des processus \u00e9tendus au travers des multiples d\u00e9partements et fonctions de l\u2019entreprise afin que les intervenants en phase de production obtiennent un acc\u00e8s rapide \u00e0 davantage d\u2019informations pour am\u00e9liorer leur prise de d\u00e9cision.<br><\/p>\n\n\n\n<figure class=\"wp-block-image\"><img loading=\"lazy\" decoding=\"async\" width=\"1332\" height=\"647\" src=\"https:\/\/products.iosystems.fr\/wp-content\/uploads\/2019\/03\/Industry_4.0.png\" alt=\"\" class=\"wp-image-294\" srcset=\"https:\/\/products.iosystems.fr\/wp-content\/uploads\/2019\/03\/Industry_4.0.png 1332w, https:\/\/products.iosystems.fr\/wp-content\/uploads\/2019\/03\/Industry_4.0-300x146.png 300w, https:\/\/products.iosystems.fr\/wp-content\/uploads\/2019\/03\/Industry_4.0-768x373.png 768w, https:\/\/products.iosystems.fr\/wp-content\/uploads\/2019\/03\/Industry_4.0-1024x497.png 1024w, https:\/\/products.iosystems.fr\/wp-content\/uploads\/2019\/03\/Industry_4.0-823x400.png 823w\" sizes=\"(max-width: 1332px) 100vw, 1332px\" \/><figcaption>Par <a href=\"\/\/commons.wikimedia.org\/wiki\/User:ChristophRoser\">ChristophRoser<\/a>. <a href=\"https:\/\/creativecommons.org\/licenses\/by-sa\/4.0\">CC BY-SA 4.0<\/a>, <a href=\"https:\/\/commons.wikimedia.org\/w\/index.php?curid=47640595\">Lien<\/a><\/figcaption><\/figure>\n\n\n\n<h2 class=\"wp-block-heading\">Enjeux et b\u00e9n\u00e9fices<\/h2>\n\n\n\n<p>Les usines intelligentes (smart industries) sont capables de g\u00e9rer la complexit\u00e9, sont moins sujettes aux perturbations et sont capables de fabriquer des biens plus efficacement.<\/p>\n\n\n\n<p>Dans les usines intelligentes, les \u00eatres humains, les machines et les ressources communiquent entre eux aussi naturellement que dans un r\u00e9seau social.<\/p>\n\n\n\n<p>Cela signifie que pour la premi\u00e8re fois, il est d\u00e9sormais possible de mettre en r\u00e9seau des ressources, des informations, des objets et des personnes pour cr\u00e9er l&rsquo;Internet des objets et des services.<\/p>\n\n\n\n<p>L&rsquo;Internet des objets et des services permettent de cr\u00e9er des r\u00e9seaux int\u00e9grant l&rsquo;ensemble du processus de fabrication qui transforme les usines en un environnement intelligent<\/p>\n\n\n\n<h2 class=\"wp-block-heading\">IO Systems : l&rsquo;Internet des Objets<\/h2>\n\n\n\n<p>Le r\u00f4le d&rsquo;IO Systems est de vous fournir :<\/p>\n\n\n\n<ul><li>un syst\u00e8me permettant la communication bidirectionnelle entre un syst\u00e8me industriel neuf ou ancien et une base de donn\u00e9es ouverte<\/li><li>un jeu d&rsquo;applications r\u00e9pondant aux diff\u00e9rents besoins<\/li><\/ul>\n\n\n\n<h3 class=\"wp-block-heading\">Communication industrielle<\/h3>\n\n\n\n<p>Modbus, Ethernet\/IP, ProfiNET, CanOpen, ASi, &#8230; Ethernet ou s\u00e9rie, La liste des protocoles de communication industrielle est longue.<\/p>\n\n\n\n<p>Par l&rsquo;int\u00e9gration de passerelles multi-protocoles ou l&rsquo;utilisation de modules OpenSources, IO Systems fournit une BOX permettant de :<\/p>\n\n\n\n<ul><li>g\u00e9rer une table d&rsquo;\u00e9change avec un automate neuf ou ancien, de diff\u00e9rents fabricants (Siemens, Schneider Electric, Omron, Rockwell, &#8230;)<\/li><li>mettre en forme les donn\u00e9es puis les enregistrer dans une base de donn\u00e9es<\/li><li>mettre \u00e0 disposition une API permettant de transmettre des donn\u00e9es \u00e0 l&rsquo;automate (param\u00e9trage machine, recette, \u00e9tat des stocks, &#8230;)<\/li><\/ul>\n\n\n\n<p>La base de donn\u00e9es peut \u00eatre constitu\u00e9e de simples fichiers csv d\u00e9pos\u00e9s dans un r\u00e9pertoire partag\u00e9, dans un document Google Sheet partag\u00e9, dans un fichier Excel dans Office365 online, &#8230;<\/p>\n\n\n\n<p>Elle peut \u00e9galement \u00eatre un logiciel de base de donn\u00e9es relationnelle ou NoSQL, h\u00e9berg\u00e9e directement la BOX, sur les serveurs du client ou dans le Cloud (Amazon Web Services, IBM Bluemix, Microsoft Azure, Google Firebase, &#8230;).<\/p>\n\n\n\n<h3 class=\"wp-block-heading\">Applications<\/h3>\n\n\n\n<p>En Industrie 4.0, les applications doivent \u00eatre bas\u00e9es sur la mobilit\u00e9, la s\u00e9curit\u00e9 et l&rsquo;ouverture. C&rsquo;est sur ces trois principes fondamentaux que sont d\u00e9velopp\u00e9es les applications par IO Systems.<\/p>\n\n\n\n<h4 class=\"wp-block-heading\">Mobilit\u00e9 des applications<\/h4>\n\n\n\n<p>Les techniques et langages de programmation utilis\u00e9s par IO Systems font qu&rsquo;une application peut \u00eatre ex\u00e9cutable dans :<\/p>\n\n\n\n<ul><li>un navigateur web moderne de PC de bureau, PC portable, tablette ou smartphone<\/li><li>un client ssh ou telnet : terminal de lecture de code barre, client l\u00e9ger, &#8230;<\/li><li>un ordinateur l\u00e9ger type Raspberry Pi ou \u00e9quivalent industriel, embarqu\u00e9 ou fixe<\/li><li>un PC existant Windows 7 ou plus, MacOS, Linux,<\/li><li>environnement virtualis\u00e9 ou conteneuris\u00e9 (docker)<\/li><\/ul>\n\n\n\n<p>En local, dans le cloud ou \u00e0 distance via VPN, les utilisateurs ont en permanence acc\u00e8s aux applications et aux notifications.<\/p>\n\n\n\n<h4 class=\"wp-block-heading\">S\u00e9curit\u00e9<\/h4>\n\n\n\n<p>Les techniques de s\u00e9curit\u00e9 sont int\u00e9gr\u00e9es d\u00e8s la conception. <\/p>\n\n\n\n<p>Pour tous les acc\u00e8s publics, les \u00e9changes sont crypt\u00e9s par SSL\/TLS et authentifi\u00e9s.<\/p>\n\n\n\n<p>Tous les acc\u00e8s \u00e0 distance peuvent \u00eatre prot\u00e9g\u00e9s par VPN (OpenVPN) avec authentification par certificats \u00e9lectroniques cr\u00e9\u00e9s et g\u00e9r\u00e9s par le client ou IO Systems.<\/p>\n\n\n\n<p>Pour les environnements soumis \u00e0 des contraintes de coh\u00e9rences des donn\u00e9es, de qualit\u00e9, nous mettons en place des syst\u00e8mes de contr\u00f4le de coh\u00e9rences et d&rsquo;enregistrements d&rsquo;activit\u00e9s des utilisateurs.<\/p>\n\n\n\n<h4 class=\"wp-block-heading\">Ouverture<\/h4>\n\n\n\n<p>En exploitant uniquement des technologies Open Sources, les applications peuvent communiquer avec tous types de bases de donn\u00e9es (MSSQL, Oracle MySQL, PostgreSQL, Mongodb, &#8230;), en local ou dans le cloud.<\/p>\n\n\n\n<p>Elles peuvent interagir avec SAP\/HANA ou d&rsquo;autres ERP via des web services SOAP, XML\/RPC, RESTful Api, GraphQL ou par \u00e9change de fichiers plats.<\/p>\n\n\n\n<p>Le code produit par IO Systems est soumis \u00e0 licence Open source (MIT en g\u00e9n\u00e9ral) qui permet librement aux utilisateurs de s&rsquo;approprier le code, de le modifier. <\/p>\n\n\n\n<p>Nous prenons soin d&rsquo;utiliser des technologies Open Source qui ont une gestion durable pour l&rsquo;adaptation aux futurs OS, logiciels et \u00e9quipements.<\/p>\n\n\n\n<h2 class=\"wp-block-heading\">IO Systems : les services<\/h2>\n\n\n\n<p>Notre id\u00e9e principale n&rsquo;est pas d&rsquo;imposer un syst\u00e8me monolithique et co\u00fbteux qu&rsquo;il faut adapter \u00e0 votre besoin mais d&rsquo;accompagner la mise en place de solutions Industrie 4.0 dans vos sites de production pour r\u00e9pondre \u00e0 vos besoins avec un budget adapt\u00e9.<\/p>\n\n\n\n<p>Nous sommes disponibles pour \u00e9tudier la faisabilit\u00e9, le co\u00fbt et la mise en place de projet d&rsquo;int\u00e9gration d&rsquo;une machine, d&rsquo;un ensemble de production en Industrie 4.0.<\/p>\n\n\n\n<p>Nos partenariat avec les fabricants nous permettent de configurer des outils Industrial IoT \u00e0 moindre co\u00fbt de mani\u00e8re flexible, c&rsquo;est-\u00e0-dire adapt\u00e9s \u00e0 vos installations pr\u00e9sentes et \u00e0 venir.<\/p>\n\n\n\n<p>Gr\u00e2ce \u00e0 une veille technologique permanente, force de propositions, IO Systems vous guide sur les choix technologiques et strat\u00e9giques \u00e0 mettre en oeuvre et le r\u00e9alise dans les d\u00e9lais convenus.<\/p>\n\n\n\n<p>Parce que notre premier m\u00e9tier est l&rsquo;automatisme industriel et parce que seul l&rsquo;automate programmable sait ce qu&rsquo;il se passe, nous pouvons int\u00e9grer dans des installations neuves ou existantes le suivi des produits, la gestion des stocks, les donn\u00e9es de mesure des performances et des temps d&rsquo;arr\u00eats, les messages d&rsquo;alarme et de d\u00e9fauts.<\/p>\n","protected":false},"excerpt":{"rendered":"<p>Qu&rsquo;est-ce que l&rsquo;industrie du futur ? C&rsquo;est la quatri\u00e8me r\u00e9volution industrielle : l&rsquo;industrie 4.0. La r\u00e9volution num\u00e9rique transforme tout : nos loisirs, notre mobilit\u00e9 et dans le sujet qui nous int\u00e9resse, nos capacit\u00e9s \u00e0 fabriquer des biens et d\u00e9livrer des services autour de ces produits. L&rsquo;Industrie 4.0 peut \u00eatre r\u00e9sum\u00e9 comme l\u2019application des technologies num\u00e9riques [&hellip;]<\/p>\n","protected":false},"author":2,"featured_media":0,"parent":0,"menu_order":0,"comment_status":"closed","ping_status":"closed","template":"","meta":{"footnotes":""},"_links":{"self":[{"href":"https:\/\/products.iosystems.fr\/index.php?rest_route=\/wp\/v2\/pages\/289"}],"collection":[{"href":"https:\/\/products.iosystems.fr\/index.php?rest_route=\/wp\/v2\/pages"}],"about":[{"href":"https:\/\/products.iosystems.fr\/index.php?rest_route=\/wp\/v2\/types\/page"}],"author":[{"embeddable":true,"href":"https:\/\/products.iosystems.fr\/index.php?rest_route=\/wp\/v2\/users\/2"}],"replies":[{"embeddable":true,"href":"https:\/\/products.iosystems.fr\/index.php?rest_route=%2Fwp%2Fv2%2Fcomments&post=289"}],"version-history":[{"count":19,"href":"https:\/\/products.iosystems.fr\/index.php?rest_route=\/wp\/v2\/pages\/289\/revisions"}],"predecessor-version":[{"id":317,"href":"https:\/\/products.iosystems.fr\/index.php?rest_route=\/wp\/v2\/pages\/289\/revisions\/317"}],"wp:attachment":[{"href":"https:\/\/products.iosystems.fr\/index.php?rest_route=%2Fwp%2Fv2%2Fmedia&parent=289"}],"curies":[{"name":"wp","href":"https:\/\/api.w.org\/{rel}","templated":true}]}}